{"id":328,"date":"2024-04-05T21:30:59","date_gmt":"2024-04-05T19:30:59","guid":{"rendered":"https:\/\/senatex.gob.bo\/?page_id=328"},"modified":"2025-09-16T11:01:47","modified_gmt":"2025-09-16T15:01:47","slug":"descripcion-de-los-objetivos-y-funciones-principales-de-la-entidad-2","status":"publish","type":"page","link":"https:\/\/senatex.gob.bo\/index.php\/descripcion-de-los-objetivos-y-funciones-principales-de-la-entidad-2\/","title":{"rendered":"Objetivos Institucionales."},"content":{"rendered":"\t\t<div data-elementor-type=\"wp-page\" data-elementor-id=\"328\" class=\"elementor elementor-328\" data-elementor-post-type=\"page\">\n\t\t\t\t\t\t<section class=\"elementor-section elementor-top-section elementor-element elementor-element-e65fd71 elementor-section-boxed elementor-section-height-default elementor-section-height-default wpr-particle-no wpr-jarallax-no wpr-parallax-no wpr-sticky-section-no\" data-id=\"e65fd71\" data-element_type=\"section\">\n\t\t\t\t\t\t<div class=\"elementor-container elementor-column-gap-default\">\n\t\t\t\t\t<div class=\"elementor-column elementor-col-100 elementor-top-column elementor-element elementor-element-b74b369\" data-id=\"b74b369\" data-element_type=\"column\">\n\t\t\t<div class=\"elementor-widget-wrap elementor-element-populated\">\n\t\t\t\t\t\t<div class=\"elementor-element elementor-element-153c8e5f elementor-widget elementor-widget-text-editor\" data-id=\"153c8e5f\" data-element_type=\"widget\" data-widget_type=\"text-editor.default\">\n\t\t\t\t<div class=\"elementor-widget-container\">\n\t\t\t\t\t\t\t\t\t<figure><img fetchpriority=\"high\" decoding=\"async\" src=\"https:\/\/senatex.gob.bo\/wp-content\/uploads\/2025\/09\/sobrenosostrosimg1-300x225.png\" alt=\"\" width=\"300\" height=\"225\" \/>\n<p>\u00a0<\/p>\n<ul>\n<li style=\"text-align: left;\" aria-level=\"1\">Apoyar a la producci\u00f3n nacional en el sector textil que sustituyen importaciones.&lt;br&gt;<\/li>\n<li style=\"text-align: left;\" aria-level=\"1\">Incrementar la venta de hilos, telas y prendas de vestir en el mercado interno y externo.<\/li>\n<li style=\"text-align: left;\" aria-level=\"1\">Elevar el nivel del sector textil del pa\u00eds, por medio de la capacitaci\u00f3n y el acceso a servicios especializados de hilatura, tejedur\u00eda, embellecimiento, laboratorio.<\/li>\n<li style=\"text-align: left;\" aria-level=\"1\">Generar excedentes para lograr el pago de las cuotas de los fideicomisos y lograr el mantenimiento, reposici\u00f3n y\/o adquisici\u00f3n de maquinaria.<\/li>\n<\/ul>\n<\/figure>\n<p><!-- \/wp:image --><!-- wp:paragraph {\"fontSize\":\"medium\"} --><!-- \/wp:list --><!-- wp:paragraph --><\/p>\n<p><!-- \/wp:paragraph --><!-- wp:paragraph --><\/p>\n<p><!-- \/wp:paragraph --><!-- wp:html --><\/p>\n<div style=\"display: flex; align-items: center;\">\u00a0<\/div>\n<div style=\"display: flex; align-items: center;\">\n<p style=\"margin: 0;\">de maquinaria.<\/p>\n<\/div>\n<p><!-- \/wp:html --><\/p>\t\t\t\t\t\t\t\t<\/div>\n\t\t\t\t<\/div>\n\t\t\t\t\t<\/div>\n\t\t<\/div>\n\t\t\t\t\t<\/div>\n\t\t<\/section>\n\t\t\t\t<\/div>\n\t\t","protected":false},"excerpt":{"rendered":"<p>\u00a0 Apoyar a la producci\u00f3n nacional en el sector textil que sustituyen importaciones.&lt;br&gt; Incrementar la venta de hilos, telas y prendas de vestir en el mercado interno y externo. Elevar el nivel del sector textil del pa\u00eds, por medio de la capacitaci\u00f3n y el acceso a servicios especializados de hilatura, tejedur\u00eda, embellecimiento, laboratorio. Generar excedentes para lograr el pago de las cuotas de los fideicomisos y lograr el mantenimiento, reposici\u00f3n y\/o adquisici\u00f3n de maquinaria. \u00a0 de maquinaria.<\/p>\n","protected":false},"author":1,"featured_media":0,"parent":0,"menu_order":0,"comment_status":"closed","ping_status":"closed","template":"","meta":{"_acf_changed":false,"footnotes":""},"class_list":["post-328","page","type-page","status-publish","hentry"],"acf":[],"_links":{"self":[{"href":"https:\/\/senatex.gob.bo\/index.php\/wp-json\/wp\/v2\/pages\/328","targetHints":{"allow":["GET"]}}],"collection":[{"href":"https:\/\/senatex.gob.bo\/index.php\/wp-json\/wp\/v2\/pages"}],"about":[{"href":"https:\/\/senatex.gob.bo\/index.php\/wp-json\/wp\/v2\/types\/page"}],"author":[{"embeddable":true,"href":"https:\/\/senatex.gob.bo\/index.php\/wp-json\/wp\/v2\/users\/1"}],"replies":[{"embeddable":true,"href":"https:\/\/senatex.gob.bo\/index.php\/wp-json\/wp\/v2\/comments?post=328"}],"version-history":[{"count":16,"href":"https:\/\/senatex.gob.bo\/index.php\/wp-json\/wp\/v2\/pages\/328\/revisions"}],"predecessor-version":[{"id":17420,"href":"https:\/\/senatex.gob.bo\/index.php\/wp-json\/wp\/v2\/pages\/328\/revisions\/17420"}],"wp:attachment":[{"href":"https:\/\/senatex.gob.bo\/index.php\/wp-json\/wp\/v2\/media?parent=328"}],"curies":[{"name":"wp","href":"https:\/\/api.w.org\/{rel}","templated":true}]}}