{"id":321,"date":"2024-04-05T21:30:47","date_gmt":"2024-04-05T19:30:47","guid":{"rendered":"https:\/\/senatex.gob.bo\/?page_id=321"},"modified":"2025-09-16T11:08:48","modified_gmt":"2025-09-16T15:08:48","slug":"breve-historia-o-resena-sobre-la-creacion-y-evolucion-de-la-entidad","status":"publish","type":"page","link":"https:\/\/senatex.gob.bo\/index.php\/breve-historia-o-resena-sobre-la-creacion-y-evolucion-de-la-entidad\/","title":{"rendered":"Rese\u00f1a Hist\u00f3rica"},"content":{"rendered":"\t\t<div data-elementor-type=\"wp-page\" data-elementor-id=\"321\" class=\"elementor elementor-321\" data-elementor-post-type=\"page\">\n\t\t\t\t\t\t<section class=\"elementor-section elementor-top-section elementor-element elementor-element-f52e747 elementor-section-boxed elementor-section-height-default elementor-section-height-default wpr-particle-no wpr-jarallax-no wpr-parallax-no wpr-sticky-section-no\" data-id=\"f52e747\" data-element_type=\"section\">\n\t\t\t\t\t\t<div class=\"elementor-container elementor-column-gap-default\">\n\t\t\t\t\t<div class=\"elementor-column elementor-col-100 elementor-top-column elementor-element elementor-element-7902887d\" data-id=\"7902887d\" data-element_type=\"column\">\n\t\t\t<div class=\"elementor-widget-wrap elementor-element-populated\">\n\t\t\t\t\t\t<div class=\"elementor-element elementor-element-66467df4 elementor-widget elementor-widget-text-editor\" data-id=\"66467df4\" data-element_type=\"widget\" data-widget_type=\"text-editor.default\">\n\t\t\t\t<div class=\"elementor-widget-container\">\n\t\t\t\t\t\t\t\t\t\n<p class=\"has-medium-font-size\">SENATEX<\/p>\n<p>En el marco de apoyo al Complejo Productivo Textil se aprob\u00f3 el Decreto Supremo N\u00ba 2765 de 14 de mayo de 2016 que modifica la naturaleza jur\u00eddica de la Empresa P\u00fablica Nacional Estrat\u00e9gica ENATEX a Instituci\u00f3n P\u00fablica Descentralizada, cuya denominaci\u00f3n es Servicio Nacional Textil \u2013 SENATEX, asimismo se dispuso que todos los activos y pasivos de ENATEX ser\u00e1n asumidos por SENATEX.<\/p>\n<p>El Servicio Nacional Textil \u2013 SENATEX est\u00e1 destinado a impulsar el cambio de la matriz productiva nacional a trav\u00e9s del incremento de la agregaci\u00f3n de valor, a la producci\u00f3n primaria, transformaci\u00f3n tecnol\u00f3gica, alza de productividad, diversificaci\u00f3n productiva y mayor generaci\u00f3n de excedentes e ingresos en la producci\u00f3n textil participando en la creaci\u00f3n, consolidaci\u00f3n, modernizaci\u00f3n y tecnificaci\u00f3n de los emprendimientos productivos textiles del pa\u00eds.<\/p>\n\n<figure class=\"wp-block-gallery has-nested-images columns-default is-cropped wp-block-gallery-2 is-layout-flex wp-block-gallery-is-layout-flex\">\n<figure class=\"wp-block-image size-full\"><img fetchpriority=\"high\" decoding=\"async\" width=\"960\" height=\"540\" data-id=\"17411\" class=\"wp-image-17411\" src=\"https:\/\/senatex.gob.bo\/wp-content\/uploads\/2025\/09\/sobre-nosotros.png\" alt=\"\" srcset=\"https:\/\/senatex.gob.bo\/wp-content\/uploads\/2025\/09\/sobre-nosotros.png 960w, https:\/\/senatex.gob.bo\/wp-content\/uploads\/2025\/09\/sobre-nosotros-300x169.png 300w, https:\/\/senatex.gob.bo\/wp-content\/uploads\/2025\/09\/sobre-nosotros-768x432.png 768w\" sizes=\"(max-width: 960px) 100vw, 960px\" \/><\/figure>\n\n<figure class=\"wp-block-image size-full\"><img decoding=\"async\" width=\"800\" height=\"600\" data-id=\"17409\" class=\"wp-image-17409\" src=\"https:\/\/senatex.gob.bo\/wp-content\/uploads\/2025\/09\/sobrenosostrosimg2.png\" alt=\"\" srcset=\"https:\/\/senatex.gob.bo\/wp-content\/uploads\/2025\/09\/sobrenosostrosimg2.png 800w, https:\/\/senatex.gob.bo\/wp-content\/uploads\/2025\/09\/sobrenosostrosimg2-300x225.png 300w, https:\/\/senatex.gob.bo\/wp-content\/uploads\/2025\/09\/sobrenosostrosimg2-768x576.png 768w\" sizes=\"(max-width: 800px) 100vw, 800px\" \/><\/figure>\n<\/figure>\n\n<p>\u00a0<\/p>\n\t\t\t\t\t\t\t\t<\/div>\n\t\t\t\t<\/div>\n\t\t\t\t\t<\/div>\n\t\t<\/div>\n\t\t\t\t\t<\/div>\n\t\t<\/section>\n\t\t\t\t<\/div>\n\t\t","protected":false},"excerpt":{"rendered":"<p>SENATEX En el marco de apoyo al Complejo Productivo Textil se aprob\u00f3 el Decreto Supremo N\u00ba 2765 de 14 de mayo de 2016 que modifica la naturaleza jur\u00eddica de la Empresa P\u00fablica Nacional Estrat\u00e9gica ENATEX a Instituci\u00f3n P\u00fablica Descentralizada, cuya denominaci\u00f3n es Servicio Nacional Textil \u2013 SENATEX, asimismo se dispuso que todos los activos y pasivos de ENATEX ser\u00e1n asumidos por SENATEX. El Servicio Nacional Textil \u2013 SENATEX est\u00e1 destinado a impulsar el cambio de la matriz productiva nacional a trav\u00e9s del incremento de la agregaci\u00f3n de valor, a la producci\u00f3n primaria, transformaci\u00f3n tecnol\u00f3gica, alza de productividad, diversificaci\u00f3n productiva y mayor generaci\u00f3n de excedentes e ingresos en la producci\u00f3n textil participando en la creaci\u00f3n, consolidaci\u00f3n, modernizaci\u00f3n y tecnificaci\u00f3n de los emprendimientos productivos textiles del pa\u00eds. \u00a0<\/p>\n","protected":false},"author":1,"featured_media":16967,"parent":0,"menu_order":0,"comment_status":"closed","ping_status":"closed","template":"","meta":{"_acf_changed":false,"footnotes":""},"class_list":["post-321","page","type-page","status-publish","has-post-thumbnail","hentry"],"acf":[],"_links":{"self":[{"href":"https:\/\/senatex.gob.bo\/index.php\/wp-json\/wp\/v2\/pages\/321","targetHints":{"allow":["GET"]}}],"collection":[{"href":"https:\/\/senatex.gob.bo\/index.php\/wp-json\/wp\/v2\/pages"}],"about":[{"href":"https:\/\/senatex.gob.bo\/index.php\/wp-json\/wp\/v2\/types\/page"}],"author":[{"embeddable":true,"href":"https:\/\/senatex.gob.bo\/index.php\/wp-json\/wp\/v2\/users\/1"}],"replies":[{"embeddable":true,"href":"https:\/\/senatex.gob.bo\/index.php\/wp-json\/wp\/v2\/comments?post=321"}],"version-history":[{"count":25,"href":"https:\/\/senatex.gob.bo\/index.php\/wp-json\/wp\/v2\/pages\/321\/revisions"}],"predecessor-version":[{"id":17429,"href":"https:\/\/senatex.gob.bo\/index.php\/wp-json\/wp\/v2\/pages\/321\/revisions\/17429"}],"wp:featuredmedia":[{"embeddable":true,"href":"https:\/\/senatex.gob.bo\/index.php\/wp-json\/wp\/v2\/media\/16967"}],"wp:attachment":[{"href":"https:\/\/senatex.gob.bo\/index.php\/wp-json\/wp\/v2\/media?parent=321"}],"curies":[{"name":"wp","href":"https:\/\/api.w.org\/{rel}","templated":true}]}}